{"id":1949,"date":"2025-04-07T17:47:06","date_gmt":"2025-04-07T17:47:06","guid":{"rendered":"https:\/\/pruebas.localdensayo.com\/legal-notice\/"},"modified":"2025-04-10T15:43:40","modified_gmt":"2025-04-10T15:43:40","slug":"legal-notice","status":"publish","type":"page","link":"https:\/\/localdensayo.com\/en\/legal-notice\/","title":{"rendered":"Legal Notice"},"content":{"rendered":"\t\t<div data-elementor-type=\"wp-page\" data-elementor-id=\"1949\" class=\"elementor elementor-1949 elementor-1555\" data-elementor-post-type=\"page\">\n\t\t\t\t<div class=\"elementor-element elementor-element-58b9aa83 e-flex e-con-boxed e-con e-parent\" data-id=\"58b9aa83\" data-element_type=\"container\" data-e-type=\"container\">\n\t\t\t\t\t<div class=\"e-con-inner\">\n\t\t\t\t<div class=\"elementor-element elementor-element-957679d elementor-widget elementor-widget-text-editor\" data-id=\"957679d\" data-element_type=\"widget\" data-e-type=\"widget\" data-widget_type=\"text-editor.default\">\n\t\t\t\t<div class=\"elementor-widget-container\">\n\t\t\t\t\t\t\t\t\t<p>En cumplimiento de lo establecido en el Art. 10 de la Ley 34\/2002, de 11 de julio, de Servicios de la Sociedad de la Informaci\u00f3n y Comercio Electr\u00f3nico (LSSI-CE), se informa de que los datos del titular de esta p\u00e1gina web y responsable del servicio prestado a trav\u00e9s de la misma son:<\/p>\n<p>\u2022 Raz\u00f3n social: LOCAL DE ENSAYO RESTAURANTE,S.L.<\/p>\n<p>\u2022 Domicilio: Calle Fuensanta, 5 MURCIA<\/p>\n<p>\u2022 Tel\u00e9fono: 968649579<\/p>\n<p>\u2022 Direcci\u00f3n de correo electr\u00f3nico: administracion@localdensayo.com<\/p>\n<p>\u2022 N.I.F.: B73927014<\/p>\n<p>Para obtener informaci\u00f3n adicional, puede contactar llamando al tel\u00e9fono arriba indicado o enviando un correo a administracion@localdensayo.com<\/p>\n<p>T\u00c9RMINOS Y CONDICIONES DE USO DE LA WEB<\/p>\n<p><strong>1. Responsabilidad del usuario<\/strong><br \/>Es responsabilidad de los visitantes, clientes o usuarios de este sitio web la atenta lectura de las Con- dicionesGenerales de Uso que se detallan. El uso o acceso al portal implica el conocimiento y la plena aceptaci\u00f3n de todas y cada una de las advertencias legales y condiciones establecidas.<\/p>\n<p><strong>2. Condiciones generales de uso<\/strong><br \/>Nuestro portal web proporciona el acceso a multitud de informaciones, servicios, programas o datos (en adelante, \u201clos contenidos\u201d) en Internet pertenecientes a: LOCAL DE ENSAYO RESTAURANTE,S.L. (en adelante \u201cLa Empresa\u201d) o a sus licenciantes a los que EL CLIENTE\/USUARIO pueda tener acceso. ELCLIENTE\/USUARIO asume la responsabilidad del uso del portal. Dicha responsabilidad se extien- de al registro que fuese necesario para acceder a determinados servicios o contenidos.<br \/>En dicho registro EL CLIENTE\/USUARIO del portal ser\u00e1 responsable de aportar informaci\u00f3n veraz y l\u00edcita. Como consecuencia de este registro, AL CLIENTE\/USUARIO se le puede proporcionar una contrase\u00f1a de la que ser\u00e1responsable, comprometi\u00e9ndose a hacer un uso diligente y confidencial de la misma.<\/p>\n<p>EL CLIENTE\/USUARIO se compromete a hacer un uso adecuado de los contenidos y servicios (como por ejemplo servicios de chat, foros de discusi\u00f3n o grupos de noticias) que La Empresa ofrece a trav\u00e9s de su portal y con car\u00e1cter enunciativo pero no limitativo, a no emplearlos para (i) incurrir en actividades il\u00edcitas, ilegales o contrarias a la buena fe y al orden p\u00fablico; (ii) difundir contenidos o propaganda de car\u00e1cter racista, xen\u00f3fobo, pornogr\u00e1fico-ilegal, de apolog\u00eda del terrorismo o atentatorio contra los derechos humanos; (iii) provocar da\u00f1os en los sistemas f\u00edsicos y l\u00f3gicos de La Empresa, de sus proveedores o de terceras personas, introducir o difundir en la red virus inform\u00e1ticos o cualesquiera otros sistemas f\u00edsicos o l\u00f3gicos que sean susceptibles de provocar los da\u00f1os anteriormente mencionados; (iv) intentar acceder y, en su caso, utilizar las cuentas de correo electr\u00f3nico de otros usuarios y modificar o manipular sus mensajes.<\/p>\n<p>La Empresa se reserva el derecho de retirar todos aquellos comentarios y aportaciones que vulneren el respeto a la dignidad de la persona, que sean discriminatorios, xen\u00f3fobos, racistas, pornogr\u00e1ficos, que atenten contra la juventud o la infancia, el orden o la seguridad p\u00fablica o que, a su juicio, no resultar\u00e1n adecuados para su publicaci\u00f3n. En cualquier caso, La Empresa no ser\u00e1 responsable de las opiniones vertidas por los usuarios a trav\u00e9s de los foros, chats, u otras herramientas de participaci\u00f3n.<\/p>\n<p><strong>3. Derecho de exclusi\u00f3n<br \/><\/strong>La Empresa se reserva el derecho a denegar o retirar el acceso a portal y\/o los servicios ofrecidos sin necesidad de preaviso, a instancia propia o de un tercero, a aquellos usuarios que incumplan las presentes Condiciones Generales de Uso.<\/p>\n<p><strong>4. Exclusi\u00f3n de garant\u00edas y de responsabilidad<br \/><\/strong>La Empresa no se hace responsable, en ning\u00fan caso, de los da\u00f1os y perjuicios de cualquier naturaleza que pudieran ocasionar, a t\u00edtulo enunciativo: errores u omisiones en los contenidos, falta de disponibilidad del portal o la transmisi\u00f3n de virus o programas maliciosos o lesivos en los contenidos, a pesar de haber adoptado todas las medidas tecnol\u00f3gicas necesarias para evitarlo.<\/p>\n<p>Del mismo modo, no se har\u00e1 responsable de la falta de licitud, calidad, fiabilidad, utilidad y disponibilidad de los servicios prestados por terceros y puestos a disposici\u00f3n de los usuarios en este sitio web.<\/p>\n<p>Finalmente, La Empresa no se hace responsable del uso il\u00edcito, negligente, fraudulento o contrario a estas condiciones.<\/p>\n<p><strong>5. Enlaces<\/strong> <br \/>En el caso de que en nuestro portal web se dispusiesen enlaces o hiperv\u00ednculos hac\u00eda otros sitios de Internet, La Empresa no ejercer\u00e1 ning\u00fan tipo de control sobre dichos sitios y contenidos. En ning\u00fan caso La Empresa asumir\u00e1 responsabilidad alguna por los contenidos de alg\u00fan enlace perteneciente a un sitio web ajeno, ni garantizar\u00e1 la disponibilidad t\u00e9cnica, calidad, fiabilidad, exactitud, amplitud, veracidad, validez y constitucionalidad de cualquier material o informaci\u00f3n contenida en ninguno de dichos hiperv\u00ednculos u otros sitios de Internet. Igualmente, la inclusi\u00f3n de estas conexiones externas no implicar\u00e1 ning\u00fan tipo de asociaci\u00f3n, fusi\u00f3n o participaci\u00f3n con las entidades conectadas.<\/p>\n<p><strong>  6. Propiedad intelectual<\/strong><br \/>La Empresa por s\u00ed o como cesionaria, es titular de todos los derechos de propiedad intelectual e in- dustrial de su p\u00e1gina web, as\u00ed como de los elementos contenidos en la misma (a t\u00edtulo enunciativo, im\u00e1genes, sonido, audio, v\u00eddeo, software o textos; marcas o logotipos, combinaciones de colores, estructura y dise\u00f1o, selecci\u00f3n de materiales usados, programas de ordenador necesarios para su funcionamiento, acceso y uso, etc.), titularidad de La Empresa o bien de sus licenciantes.<\/p>\n<p>Queda expresamente prohibida la reproducci\u00f3n de los elementos mencionados en el apartado an- terior y de la totalidad o parte de los contenidos de esta p\u00e1gina web, su distribuci\u00f3n, comunicaci\u00f3n p\u00fablica y transformaci\u00f3n, explotaci\u00f3n (especialmente comercial o industrial) cesi\u00f3n, alquiler, venta, pr\u00e9stamo, realizaci\u00f3n de correcciones, extracciones y\/o reutilizaciones o el ejercicio de cualesquiera otros derechos de propiedad intelectual o industrial sobre ellos que no hayan sido conferidos por La Empresa expresamente y por escrito.<\/p>\n<p>EL CLIENTE\/USUARIO reconoce los derechos de Propiedad Intelectual y de Propiedad Industrial de La Empresa ELCLIENTE\/USUARIO se compromete a respetar los derechos de Propiedad Intelectual e Industrial titularidad de La Empresa. Podr\u00e1 visualizar los elementos del portal e incluso imprimirlos, copiarlos y almacenarlos en el disco duro de su ordenador o en cualquier otro soporte f\u00edsico siempre y cuando sea, \u00fanica y exclusivamente, para su uso personal yprivado. EL CLIENTE\/USUARIO deber\u00e1 abstenerse de suprimir, alterar, eludir o manipular cualquier dispositivo de protecci\u00f3n o sistema de seguridad que estuviera instalado en las p\u00e1ginas de La Empresa.<\/p>\n<p>EL CLIENTE\/USUARIO no podr\u00e1 utilizar de ning\u00fan modo las marcas, logos, nombres comerciales, dominios en internet y cualquier otro signo distintivo de La Empresa sin contar con el previo consentimiento expreso y por escrito de \u00e9sta.<\/p>\n<p><strong>7. Protecci\u00f3n de Datos<br \/><\/strong>Se estar\u00e1 a lo dispuesto en el apartado correspondiente de estas condiciones y en la Pol\u00edtica de Privacidad, disponible en la web.<\/p>\n\t\t\t\t\t\t\t\t<\/div>\n\t\t\t\t<\/div>\n\t\t\t\t\t<\/div>\n\t\t\t\t<\/div>\n\t\t\t\t<\/div>\n\t\t","protected":false},"excerpt":{"rendered":"<p>En cumplimiento de lo establecido en el Art. 10 de la Ley 34\/2002, de 11 de julio, de Servicios de la Sociedad de la Informaci\u00f3n y Comercio Electr\u00f3nico (LSSI-CE), se informa de que los datos del titular de esta p\u00e1gina web y responsable del servicio prestado a trav\u00e9s de la misma son: \u2022 Raz\u00f3n social: [&hellip;]<\/p>\n","protected":false},"author":1,"featured_media":0,"parent":0,"menu_order":0,"comment_status":"closed","ping_status":"closed","template":"","meta":{"_acf_changed":false,"inline_featured_image":false,"footnotes":""},"class_list":["post-1949","page","type-page","status-publish","hentry"],"acf":[],"_links":{"self":[{"href":"https:\/\/localdensayo.com\/en\/wp-json\/wp\/v2\/pages\/1949","targetHints":{"allow":["GET"]}}],"collection":[{"href":"https:\/\/localdensayo.com\/en\/wp-json\/wp\/v2\/pages"}],"about":[{"href":"https:\/\/localdensayo.com\/en\/wp-json\/wp\/v2\/types\/page"}],"author":[{"embeddable":true,"href":"https:\/\/localdensayo.com\/en\/wp-json\/wp\/v2\/users\/1"}],"replies":[{"embeddable":true,"href":"https:\/\/localdensayo.com\/en\/wp-json\/wp\/v2\/comments?post=1949"}],"version-history":[{"count":1,"href":"https:\/\/localdensayo.com\/en\/wp-json\/wp\/v2\/pages\/1949\/revisions"}],"predecessor-version":[{"id":1950,"href":"https:\/\/localdensayo.com\/en\/wp-json\/wp\/v2\/pages\/1949\/revisions\/1950"}],"wp:attachment":[{"href":"https:\/\/localdensayo.com\/en\/wp-json\/wp\/v2\/media?parent=1949"}],"curies":[{"name":"wp","href":"https:\/\/api.w.org\/{rel}","templated":true}]}}