{"id":1941,"date":"2025-01-21T11:05:50","date_gmt":"2025-01-21T11:05:50","guid":{"rendered":"https:\/\/pruebas.localdensayo.com\/david\/"},"modified":"2025-04-10T11:47:04","modified_gmt":"2025-04-10T11:47:04","slug":"david","status":"publish","type":"page","link":"https:\/\/localdensayo.com\/en\/david\/","title":{"rendered":"David"},"content":{"rendered":"\t\t<div data-elementor-type=\"wp-page\" data-elementor-id=\"1941\" class=\"elementor elementor-1941 elementor-386\" data-elementor-post-type=\"page\">\n\t\t\t\t<div class=\"elementor-element elementor-element-cf08eef e-con-full e-flex e-con e-parent\" data-id=\"cf08eef\" data-element_type=\"container\" data-e-type=\"container\" data-settings=\"{&quot;background_background&quot;:&quot;classic&quot;}\">\n\t\t<div class=\"elementor-element elementor-element-5d343de e-con-full e-flex e-con e-child\" data-id=\"5d343de\" data-element_type=\"container\" data-e-type=\"container\">\n\t\t\t\t<div class=\"elementor-element elementor-element-b3c3747 elementor-widget elementor-widget-heading\" data-id=\"b3c3747\" data-element_type=\"widget\" data-e-type=\"widget\" data-widget_type=\"heading.default\">\n\t\t\t\t<div class=\"elementor-widget-container\">\n\t\t\t\t\t<h2 class=\"elementor-heading-title elementor-size-default\">Cook, Forager<\/h2>\t\t\t\t<\/div>\n\t\t\t\t<\/div>\n\t\t\t\t<div class=\"elementor-element elementor-element-46be96f elementor-widget elementor-widget-text-editor\" data-id=\"46be96f\" data-element_type=\"widget\" data-e-type=\"widget\" data-widget_type=\"text-editor.default\">\n\t\t\t\t<div class=\"elementor-widget-container\">\n\t\t\t\t\t\t\t\t\t<p><strong>David L\u00f3pez<\/strong> is much more than a cook. He is passionate about nature, a tireless researcher, and a lover of his roots. Born in Hell\u00edn and adopted by Murcia, he has spent over twenty years forging a culinary path marked by curiosity and respect for authenticity. From his restaurant, <strong>Local de Ensayo<\/strong>, David shares a part of his story and his understanding of cooking with each diner.   <\/p>\n<p>David didn&#8217;t come to the kitchen following a conventional route. Before dedicating himself to gastronomy, he explored other paths, until cooking awakened in him a passion that changed everything. He trained in Alicante, worked in restaurants in Castilla-La Mancha, Almer\u00eda, and Murcia, and had teachers who shaped his understanding of the craft. But it was in 2016, with the opening of Local de Ensayo, that David found his true voice.   <\/p>\n<p>That voice has a very clear accent: that of mycology applied to cooking. David is one of the few chefs who specializes in the harvesting and culinary use of mushrooms and truffles. This specialization has shaped his culinary philosophy: <strong>#revisitedtradition,<\/strong> a concept that defines his way of reinterpreting classic dishes through technique, creativity, and absolute respect for local and seasonal produce.   <span class=\"Apple-converted-space\"> <\/span><\/p>\n<p>This philosophy is translated into dishes such as salt-roasted beets with sour cream, cucumber, cumin, fennel, and herring caviar, where he combines humble ingredients with sophisticated touches. In his cuisine, mushrooms and truffles coexist with vegetables from his own urban garden, seasonal game, wild fish from Murcia fish markets, and native meats such as the Murcian chato. <\/p>\n<p>His commitment to the plant world has led Local de Ensayo to be awarded three radishes in the prestigious international guide <em>We&#8217;re Smart Green<\/em>, which recognizes restaurants that best utilize plants in their culinary offerings. <span class=\"Apple-converted-space\"> <\/span><\/p>\n<p>Recognized by guides such as <em>Michelin and Repsol<\/em>, a multi-award-winning chef, and a regular speaker at conferences such as Madrid Fusi\u00f3n, San Sebasti\u00e1n Gastron\u00f3mica, Alicante Gastron\u00f3mica, Gastr\u00f3noma, GastroTEA, and international gatherings in Mexico, Portugal, Turkey, and France, David remains true to his essence.<\/p>\n<p>In every dish, every menu, and every conversation, David L\u00f3pez demonstrates that true haute cuisine is born from respect for the land and the endless curiosity of someone who never stops learning.<\/p>\n\t\t\t\t\t\t\t\t<\/div>\n\t\t\t\t<\/div>\n\t\t\t\t<\/div>\n\t\t<div class=\"elementor-element elementor-element-103fdf9 e-con-full e-flex e-con e-child\" data-id=\"103fdf9\" data-element_type=\"container\" data-e-type=\"container\">\n\t\t\t\t<div class=\"elementor-element elementor-element-c75d37c elementor-widget elementor-widget-image\" data-id=\"c75d37c\" data-element_type=\"widget\" data-e-type=\"widget\" data-widget_type=\"image.default\">\n\t\t\t\t<div class=\"elementor-widget-container\">\n\t\t\t\t\t\t\t\t\t\t\t\t\t\t\t<img fetchpriority=\"high\" decoding=\"async\" width=\"1707\" height=\"2560\" src=\"https:\/\/localdensayo.com\/wp-content\/uploads\/2025\/03\/DSC9612-scaled.jpg\" class=\"attachment-full size-full wp-image-1730\" alt=\"\" srcset=\"https:\/\/localdensayo.com\/wp-content\/uploads\/2025\/03\/DSC9612-scaled.jpg 1707w, https:\/\/localdensayo.com\/wp-content\/uploads\/2025\/03\/DSC9612-200x300.jpg 200w, https:\/\/localdensayo.com\/wp-content\/uploads\/2025\/03\/DSC9612-683x1024.jpg 683w, https:\/\/localdensayo.com\/wp-content\/uploads\/2025\/03\/DSC9612-768x1152.jpg 768w, https:\/\/localdensayo.com\/wp-content\/uploads\/2025\/03\/DSC9612-1024x1536.jpg 1024w, https:\/\/localdensayo.com\/wp-content\/uploads\/2025\/03\/DSC9612-1365x2048.jpg 1365w\" sizes=\"(max-width: 1707px) 100vw, 1707px\" \/>\t\t\t\t\t\t\t\t\t\t\t\t\t\t\t<\/div>\n\t\t\t\t<\/div>\n\t\t\t\t<\/div>\n\t\t<div class=\"elementor-element elementor-element-ccc1529 e-con-full e-flex e-con e-child\" data-id=\"ccc1529\" data-element_type=\"container\" data-e-type=\"container\">\n\t\t\t\t<div class=\"elementor-element elementor-element-089da3c elementor-widget elementor-widget-text-editor\" data-id=\"089da3c\" data-element_type=\"widget\" data-e-type=\"widget\" data-widget_type=\"text-editor.default\">\n\t\t\t\t<div class=\"elementor-widget-container\">\n\t\t\t\t\t\t\t\t\t<p style=\"text-align: left;\"><strong>Personal Details<br \/><\/strong>&#8211; Born: Hell\u00edn (Albacete)<br \/>&#8211; Lived in: Murcia since 2005<\/p>\n<p style=\"text-align: left;\"><strong>Education<br \/><\/strong>&#8211; 2000-2001: Culinary studies at the CDT (Cultural and Technical University of Alicante)<\/p>\n<p style=\"text-align: left;\"><strong>Professional Experience<br \/><\/strong>First Steps<br \/>&#8211; 2001: Worked with Ricardo Molt\u00f3 in Ibi<br \/>&#8211; 2002: Head Chef at La Solana Restaurant (Almer\u00eda)<br \/>&#8211; 2003-2005: Opened his first restaurant in Hell\u00edn<\/p>\n<p style=\"text-align: left;\">Gran Taberna (Murcia)<br \/>&#8211; 2005-2010: Head Chef with Antonio Rodr\u00edguez Campuzano<br \/>&#8211; 2007-2010: Wins 4 awards in Creajoven and Jecomur<\/p>\n<p style=\"text-align: left;\"><strong>Trainer and Advisor<br \/><\/strong>&#8211; 2010: Stays at La Caba\u00f1a, Calima (Dani Garc\u00eda), and with Vicente Pati\u00f1o<br \/>&#8211; 2011-2015: Trainer in CCT and associate professor at UCAM<br \/>&#8211; 2011-2015: Gastronomic consultant (Grupo Las Flores, La Tropical)<\/p>\n<p style=\"text-align: left;\"><strong>Rehearsal Space<br \/><\/strong>&#8211; 2016: Opening of Local de ensayo in Puente Tocinos (Murcia)<br \/>&#8211; 2017: Best New Project Award \u2013 Region of Murcia<br \/>&#8211; 2019: Best Chef Award \u2013 Region of Murcia<br \/>&#8211; 2024: Best Creative Restaurant Award \u2013 Region of Murcia<\/p>\n<p style=\"text-align: left;\"><strong>Specialties and Philosophy: <\/strong><strong>Gastronomy<br \/><\/strong>&#8211; Signature cuisine with a focus on local produce and mycology<br \/>&#8211; \u201cRevised Tradition\u201d philosophy: reinterpretation of traditional recipes<br \/>&#8211; Commitment to seasonal produce, sustainable cooking, and foraging<\/p>\n<p style=\"text-align: left;\"><strong>Specialization in Mycology<br \/><\/strong>&#8211; National benchmark in the use of mushrooms and truffles in haute cuisine<br \/>&#8211; Expert in advanced techniques to enhance the flavor and texture of mushrooms<br \/>&#8211; Researcher and promoter of mycology applied to gastronomy<br \/>&#8211; Teaching courses and training on mycology at conferences and events<br \/>&#8211; Creation of seasonal menus focused on mushrooms and truffles<br \/>&#8211; Collaboration with the Spanish Turmiculture Association to promote the turma or desert truffle<br \/>&#8211; Author of the book \u201cTurmas del Mundo,\u201d the first specialized work on this mushroom<\/p>\n<p style=\"text-align: left;\"><strong>Participations and Publications:<\/strong> <strong>Books<br \/><\/strong>&#8211; \u201cTurmas del Mundo\u201d (co-authored with Asunci\u00f3n Morte and Paco de Lara)<br \/>&#8211; \u201cSimplicity\u201d (collaboration with Marta Garaulet)<br \/>&#8211; \u201cMurcia Slow Life\u201d (collaboration with Murcia Tourism)<\/p>\n<p style=\"text-align: left;\"><strong>Gastronomic Conferences and Events<br \/><\/strong>&#8211; Madrid Fusion, San Sebasti\u00e1n Gastronomica, Alicante Gastronomica, Gastr\u00f3noma, Gastrotea<br \/>&#8211; Speaker at national and international events (Mexico, Portugal, Turkey, France)<br \/>&#8211; 2023: Tour with 1001 Flavors of the Region of Murcia in Michelin-starred restaurants<\/p>\n<p style=\"text-align: left;\"><strong>Distinctions and Recognitions<br \/><\/strong>&#8211; 2025: <strong>2 Repsol Suns<br \/><\/strong>&#8211; Recommended in the <strong>Michelin Guide since 2018<br \/><\/strong>&#8211; 1 Repsol Sun (2021-2024) \u2192 2 Repsol Suns (2025)<br \/>&#8211; 3 radishes in the <strong>We&#8217;re Smart Green Guide<br \/><\/strong>&#8211; 2021 Ra\u00edz Culinaria Award: Best restaurant serving Castilian-Manchegan cuisine outside the region<br \/>&#8211; Participation in the documentary <strong>&#8220;The Countdown: Heading to the Stars,&#8221;<\/strong> which highlights his work with local products such as the Chato Murciano<\/p>\n\t\t\t\t\t\t\t\t<\/div>\n\t\t\t\t<\/div>\n\t\t\t\t<\/div>\n\t\t\t\t<\/div>\n\t\t\t\t<\/div>\n\t\t","protected":false},"excerpt":{"rendered":"<p>Cook, Forager David L\u00f3pez is much more than a cook. He is passionate about nature, a tireless researcher, and a lover of his roots. Born in Hell\u00edn and adopted by Murcia, he has spent over twenty years forging a culinary path marked by curiosity and respect for authenticity. From his restaurant, Local de Ensayo, David [&hellip;]<\/p>\n","protected":false},"author":1,"featured_media":0,"parent":0,"menu_order":0,"comment_status":"closed","ping_status":"closed","template":"","meta":{"_acf_changed":false,"inline_featured_image":false,"footnotes":""},"class_list":["post-1941","page","type-page","status-publish","hentry"],"acf":[],"_links":{"self":[{"href":"https:\/\/localdensayo.com\/en\/wp-json\/wp\/v2\/pages\/1941","targetHints":{"allow":["GET"]}}],"collection":[{"href":"https:\/\/localdensayo.com\/en\/wp-json\/wp\/v2\/pages"}],"about":[{"href":"https:\/\/localdensayo.com\/en\/wp-json\/wp\/v2\/types\/page"}],"author":[{"embeddable":true,"href":"https:\/\/localdensayo.com\/en\/wp-json\/wp\/v2\/users\/1"}],"replies":[{"embeddable":true,"href":"https:\/\/localdensayo.com\/en\/wp-json\/wp\/v2\/comments?post=1941"}],"version-history":[{"count":1,"href":"https:\/\/localdensayo.com\/en\/wp-json\/wp\/v2\/pages\/1941\/revisions"}],"predecessor-version":[{"id":1942,"href":"https:\/\/localdensayo.com\/en\/wp-json\/wp\/v2\/pages\/1941\/revisions\/1942"}],"wp:attachment":[{"href":"https:\/\/localdensayo.com\/en\/wp-json\/wp\/v2\/media?parent=1941"}],"curies":[{"name":"wp","href":"https:\/\/api.w.org\/{rel}","templated":true}]}}